{"id":474,"date":"2018-01-11T14:29:30","date_gmt":"2018-01-11T14:29:30","guid":{"rendered":"https:\/\/sites.courtauld.ac.uk\/netherlandish-canon\/?page_id=474"},"modified":"2018-01-11T14:29:30","modified_gmt":"2018-01-11T14:29:30","slug":"bibliography","status":"publish","type":"page","link":"https:\/\/sites.courtauld.ac.uk\/netherlandish-canon\/bibliography\/","title":{"rendered":"Bibliography"},"content":{"rendered":"<p><strong>Primary materials<em><br \/>\n\u00a0<br \/>\n<\/em><\/strong><em>Pictorum aliquot celebrium, pr\u00e6cipu\u00e9 Germani\u00e6 Inferioris, effigies<\/em>, The Hague (Hendrick Hondius) 1610<br \/>\n<em><br \/>\nIllustrium Quos Belgium Habvit pictorum effigies Antwerpiae. Antwerp<\/em>\u00a0(Theodore Galle) n.d. (ca. 1600)<br \/>\n<em><br \/>\nPictorum aliquot Germaniae Inferioris Effigies,\u00a0<\/em>Antwerp (Hieronymus Cock) 1572<br \/>\n<strong>\u00a0<\/p>\n<p>Secondary Literature<\/p>\n<p><\/strong>J. Becker, \u2018Zur niederl\u00e4ndischen Kunstliteratur des 16. Jahrhunderts: Domenicus Lampsonius\u2019,\u00a0<em>Nederlands Kunsthistorisch Jaarboek\u00a0<\/em>24, 1973, 45-61<\/p>\n<p>M. Berbara, \u2018<em>Propria Belgarum laus<\/em>: Domenicus Lampsonius e as\u00a0<em>Pictorum aliquot celebrium germaniae inferioris effigies\u2019<\/em>,\u00a0<a href=\"http:\/\/www.unicamp.br\/chaa\/rhaa\/downloads\/Revista%208%20-%20artigo%202.pdf\" target=\"_blank\" rel=\"noopener\">http:\/\/www.unicamp.br\/chaa\/rhaa\/downloads\/Revista%208%20-%20artigo%202.pdf<\/a>\u00a0<\/p>\n<p>P. Chapman and J. Woodall, \u2018Introduction. \u2018The Netherlandish Artist has his Intelligence in his Hand\u2019, in P. Chapman and J. Woodall (eds.),\u00a0<em>Envisioning the Artist in the Early Modern Netherlands<\/em>, Nederlands Kunsthistorisches Jaarboek 59 (2009)<\/p>\n<p>Lydia De Pauw\u2013de Veen<em>\u00a0Archivalische gegevens over Volcxken Diercx, weduwe van Hieronymus Cock<\/em>\u00a0in\u00a0<em>De Gulden Passer: Bulletin van de \u201cVereeniging der Antwerpsche Bibliophielen\u201d 53<\/em>\u00a0(1975): 215-47<\/p>\n<p>S.-S. Durante, \u2018Between \u2019verbum\u2019 and \u2019imago\u2019 : the text\/image dialectic in the \u2018Pictorum effigies\u2019 of Domenicus Lampsonius, MA Dissertation, Courtauld Institute of Art, University of London, 2002<\/p>\n<p>Nicolas Galley Hauterive, \u2018Pictorum Aliquot Celebrium Germaniae Inferioris Effigies\u2019 in\u00a0<em>De l\u2019original \u00e0 l\u2019excentrique : l\u2019\u00e9mergence de l\u2019individualit\u00e9 artistique au nord des Alpes<\/em>, PhD University of Fribourg 2005, 131-141\u00a0<a href=\"http:\/\/ethesis.unifr.ch\/theses\/downloads.php?file=GalleyN.pdf\" target=\"_blank\" rel=\"noopener\">http:\/\/ethesis.unifr.ch\/theses\/downloads.php?file=GalleyN.pdf<\/a><\/p>\n<p>S. Meiers, \u2018Portraits in print. Hieronymus Cock, Dominicus Lampsonius, and\u00a0<em>Pictorum aliquot Germaniae Inferioris Effigies<\/em>\u2019,\u00a0<em>Zeitschrift f\u00fcr Kunstgeschichte<\/em>\u00a069 (2006), 1-16<\/p>\n<p>W. Melion,\u00a0<em>Shaping the Netherlandish Canon. Karel van Mander\u2019s Schilder-Boeck,\u00a0<\/em>Chicago 1991<\/p>\n<p>A. Mensger, \u201aDie exakte Kopie: Oder die Geburt des K\u00fcnstlers im Zeitalter seiner Reproduzierbarkeit\u2019,\u00a0<em>Envisioning the Artist in the Early Modern Netherlands<\/em>, Nederlands Kunsthistorisch Jaarboek 59 (2009), 195-221<\/p>\n<p>H. Miedema (transl. and ed.),\u00a0<em>The lives of the illustrious Netherlandish and German painters : from the first edition of the first edition of the Schilder-boeck (1603-1604)<\/em>, 6 vols., Doornspijk 1994-99<\/p>\n<p>N. Orenstein (comp.) and G. Luiten (ed.),\u00a0<em>The new Hollstein Dutch &amp; Flemish etchings, engravings and woodcuts, 1450-1700\/ Hendrick Hondius<\/em>, Roosendaal 1994<\/p>\n<p>N.Orenstein,\u00a0<em>Hendrick Hondius and the Business of Prints in Seventeenth-Century Holland<\/em>, Rotterdam 1996<\/p>\n<p>N. Orenstein, Marketing Prints to the Dutch Republic: Novelty and the Print Publisher\u2019,\u00a0<em>Journal of Medieval and Early Modern Studies\u00a0<\/em>28 (1998); 148-50.<\/p>\n<p>N. Orenstein,\u00a0<em>The new Hollstein Dutch and Flemish etchings, engravings and woodcuts, 1450-1700\/ Simon Frisius,\u00a0<\/em>2 parts, Roosendaal 2008, part 1<\/p>\n<p>J. Puraye,\u00a0<em>Dominique Lampson Humaniste 1532-1599,\u00a0<\/em>Bruges 1950<\/p>\n<p>J. Puraye (ed.),\u00a0<em>Dominique Lampson. Les Effigies des Peintres c\u00e9l\u00e8bres<\/em>\u00a0<em>des Pays-Bas,\u00a0<\/em>Bruges 1956<\/p>\n<p>H.-J. Raupp,\u00a0<em>Untersuchungen zu Kunstlerbildnis und Kunstlerdarstellung in den Niederlanden im 17. Jahrhundert,\u00a0<\/em>Hildesheim 1984<\/p>\n<p>T. Riggs,\u00a0<em>Hieronymus Cock (1510-1570): Printmaker and Publisher in Antwerp at the Sign of the Four Winds,\u00a0<\/em>New York 1977<\/p>\n<p>Z. van Ruyven-Zeman in collaboration with M. Leesberg (eds.), J. van der Stock and M. Leesberg,\u00a0<em>The New Hollstein Dutch and Flemish Etchings, Engravings and Woodcuts, 1450-1700\/<\/em>\u00a0<em>The Wierix Family Part IX,\u00a0<\/em>Rotterdam 2004 (cat. no. 2023)<\/p>\n<p>G. Sciolla and C. Volpi (intro. and notes),\u00a0<em>Da van Eyck a Brueghel: scritti sulle arti di Domenico<\/em>\u00a0<em>Lampsonio,\u00a0<\/em>Turin 2001<\/p>\n<p>I von Szwykowski, \u2018Sammel-Werke Alt Niederl\u00e4ndische Maler-Portraits von Hieronymus Cock und Heinrich Hondius. Aus der zweiten H\u00e4lfte des 16. und zu Anfang des 17. Jahrhunderts\u2019, in\u00a0<em>Archiv f\u00fcr die Zeichnenden K\u00fcnste,\u00a0<\/em>2 (1856), 13-63<\/p>\n","protected":false},"excerpt":{"rendered":"<p>Primary materials \u00a0 Pictorum aliquot celebrium, pr\u00e6cipu\u00e9 Germani\u00e6 Inferioris, effigies, The Hague (Hendrick Hondius) 1610 Illustrium Quos Belgium Habvit pictorum effigies Antwerpiae. Antwerp\u00a0(Theodore Galle) n.d. (ca. 1600) Pictorum aliquot Germaniae Inferioris Effigies,\u00a0Antwerp (Hieronymus Cock) 1572 \u00a0 Secondary Literature J. Becker, \u2018Zur niederl\u00e4ndischen Kunstliteratur des 16. Jahrhunderts: Domenicus Lampsonius\u2019,\u00a0Nederlands Kunsthistorisch Jaarboek\u00a024, 1973, 45-61 M. Berbara, \u2018Propria&hellip; <a class=\"continue\" href=\"https:\/\/sites.courtauld.ac.uk\/netherlandish-canon\/bibliography\/\">Continue Reading<span> Bibliography<\/span><\/a><\/p>\n","protected":false},"author":5,"featured_media":0,"parent":0,"menu_order":0,"comment_status":"closed","ping_status":"closed","template":"","meta":{"_acf_changed":false,"footnotes":""},"categories":[],"class_list":["post-474","page","type-page","status-publish","hentry"],"acf":[],"yoast_head":"<!-- This site is optimized with the Yoast SEO plugin v27.6 - https:\/\/yoast.com\/product\/yoast-seo-wordpress\/ -->\n<title>Bibliography - Picturing the Netherlandish Canon<\/title>\n<meta name=\"robots\" content=\"noindex, follow, max-snippet:-1, max-image-preview:large, max-video-preview:-1\" \/>\n<meta property=\"og:locale\" content=\"en_GB\" \/>\n<meta property=\"og:type\" content=\"article\" \/>\n<meta property=\"og:title\" content=\"Bibliography - Picturing the Netherlandish Canon\" \/>\n<meta property=\"og:description\" content=\"Primary materials \u00a0 Pictorum aliquot celebrium, pr\u00e6cipu\u00e9 Germani\u00e6 Inferioris, effigies, The Hague (Hendrick Hondius) 1610 Illustrium Quos Belgium Habvit pictorum effigies Antwerpiae. Antwerp\u00a0(Theodore Galle) n.d. (ca. 1600) Pictorum aliquot Germaniae Inferioris Effigies,\u00a0Antwerp (Hieronymus Cock) 1572 \u00a0 Secondary Literature J. Becker, \u2018Zur niederl\u00e4ndischen Kunstliteratur des 16. Jahrhunderts: Domenicus Lampsonius\u2019,\u00a0Nederlands Kunsthistorisch Jaarboek\u00a024, 1973, 45-61 M. Berbara, \u2018Propria&hellip; Continue Reading Bibliography\" \/>\n<meta property=\"og:url\" content=\"https:\/\/sites.courtauld.ac.uk\/netherlandish-canon\/bibliography\/\" \/>\n<meta property=\"og:site_name\" content=\"Picturing the Netherlandish Canon\" \/>\n<meta name=\"twitter:card\" content=\"summary_large_image\" \/>\n<meta name=\"twitter:label1\" content=\"Estimated reading time\" \/>\n\t<meta name=\"twitter:data1\" content=\"3 minutes\" \/>\n<script type=\"application\/ld+json\" class=\"yoast-schema-graph\">{\"@context\":\"https:\\\/\\\/schema.org\",\"@graph\":[{\"@type\":\"WebPage\",\"@id\":\"https:\\\/\\\/sites.courtauld.ac.uk\\\/netherlandish-canon\\\/bibliography\\\/\",\"url\":\"https:\\\/\\\/sites.courtauld.ac.uk\\\/netherlandish-canon\\\/bibliography\\\/\",\"name\":\"Bibliography - Picturing the Netherlandish Canon\",\"isPartOf\":{\"@id\":\"https:\\\/\\\/sites.courtauld.ac.uk\\\/netherlandish-canon\\\/#website\"},\"datePublished\":\"2018-01-11T14:29:30+00:00\",\"breadcrumb\":{\"@id\":\"https:\\\/\\\/sites.courtauld.ac.uk\\\/netherlandish-canon\\\/bibliography\\\/#breadcrumb\"},\"inLanguage\":\"en-GB\",\"potentialAction\":[{\"@type\":\"ReadAction\",\"target\":[\"https:\\\/\\\/sites.courtauld.ac.uk\\\/netherlandish-canon\\\/bibliography\\\/\"]}]},{\"@type\":\"BreadcrumbList\",\"@id\":\"https:\\\/\\\/sites.courtauld.ac.uk\\\/netherlandish-canon\\\/bibliography\\\/#breadcrumb\",\"itemListElement\":[{\"@type\":\"ListItem\",\"position\":1,\"name\":\"Home\",\"item\":\"https:\\\/\\\/sites.courtauld.ac.uk\\\/netherlandish-canon\\\/\"},{\"@type\":\"ListItem\",\"position\":2,\"name\":\"Bibliography\"}]},{\"@type\":\"WebSite\",\"@id\":\"https:\\\/\\\/sites.courtauld.ac.uk\\\/netherlandish-canon\\\/#website\",\"url\":\"https:\\\/\\\/sites.courtauld.ac.uk\\\/netherlandish-canon\\\/\",\"name\":\"Picturing the Netherlandish Canon\",\"description\":\"\",\"potentialAction\":[{\"@type\":\"SearchAction\",\"target\":{\"@type\":\"EntryPoint\",\"urlTemplate\":\"https:\\\/\\\/sites.courtauld.ac.uk\\\/netherlandish-canon\\\/?s={search_term_string}\"},\"query-input\":{\"@type\":\"PropertyValueSpecification\",\"valueRequired\":true,\"valueName\":\"search_term_string\"}}],\"inLanguage\":\"en-GB\"}]}<\/script>\n<!-- \/ Yoast SEO plugin. -->","yoast_head_json":{"title":"Bibliography - Picturing the Netherlandish Canon","robots":{"index":"noindex","follow":"follow","max-snippet":"max-snippet:-1","max-image-preview":"max-image-preview:large","max-video-preview":"max-video-preview:-1"},"og_locale":"en_GB","og_type":"article","og_title":"Bibliography - Picturing the Netherlandish Canon","og_description":"Primary materials \u00a0 Pictorum aliquot celebrium, pr\u00e6cipu\u00e9 Germani\u00e6 Inferioris, effigies, The Hague (Hendrick Hondius) 1610 Illustrium Quos Belgium Habvit pictorum effigies Antwerpiae. Antwerp\u00a0(Theodore Galle) n.d. (ca. 1600) Pictorum aliquot Germaniae Inferioris Effigies,\u00a0Antwerp (Hieronymus Cock) 1572 \u00a0 Secondary Literature J. Becker, \u2018Zur niederl\u00e4ndischen Kunstliteratur des 16. Jahrhunderts: Domenicus Lampsonius\u2019,\u00a0Nederlands Kunsthistorisch Jaarboek\u00a024, 1973, 45-61 M. Berbara, \u2018Propria&hellip; Continue Reading Bibliography","og_url":"https:\/\/sites.courtauld.ac.uk\/netherlandish-canon\/bibliography\/","og_site_name":"Picturing the Netherlandish Canon","twitter_card":"summary_large_image","twitter_misc":{"Estimated reading time":"3 minutes"},"schema":{"@context":"https:\/\/schema.org","@graph":[{"@type":"WebPage","@id":"https:\/\/sites.courtauld.ac.uk\/netherlandish-canon\/bibliography\/","url":"https:\/\/sites.courtauld.ac.uk\/netherlandish-canon\/bibliography\/","name":"Bibliography - Picturing the Netherlandish Canon","isPartOf":{"@id":"https:\/\/sites.courtauld.ac.uk\/netherlandish-canon\/#website"},"datePublished":"2018-01-11T14:29:30+00:00","breadcrumb":{"@id":"https:\/\/sites.courtauld.ac.uk\/netherlandish-canon\/bibliography\/#breadcrumb"},"inLanguage":"en-GB","potentialAction":[{"@type":"ReadAction","target":["https:\/\/sites.courtauld.ac.uk\/netherlandish-canon\/bibliography\/"]}]},{"@type":"BreadcrumbList","@id":"https:\/\/sites.courtauld.ac.uk\/netherlandish-canon\/bibliography\/#breadcrumb","itemListElement":[{"@type":"ListItem","position":1,"name":"Home","item":"https:\/\/sites.courtauld.ac.uk\/netherlandish-canon\/"},{"@type":"ListItem","position":2,"name":"Bibliography"}]},{"@type":"WebSite","@id":"https:\/\/sites.courtauld.ac.uk\/netherlandish-canon\/#website","url":"https:\/\/sites.courtauld.ac.uk\/netherlandish-canon\/","name":"Picturing the Netherlandish Canon","description":"","potentialAction":[{"@type":"SearchAction","target":{"@type":"EntryPoint","urlTemplate":"https:\/\/sites.courtauld.ac.uk\/netherlandish-canon\/?s={search_term_string}"},"query-input":{"@type":"PropertyValueSpecification","valueRequired":true,"valueName":"search_term_string"}}],"inLanguage":"en-GB"}]}},"_links":{"self":[{"href":"https:\/\/sites.courtauld.ac.uk\/netherlandish-canon\/wp-json\/wp\/v2\/pages\/474","targetHints":{"allow":["GET"]}}],"collection":[{"href":"https:\/\/sites.courtauld.ac.uk\/netherlandish-canon\/wp-json\/wp\/v2\/pages"}],"about":[{"href":"https:\/\/sites.courtauld.ac.uk\/netherlandish-canon\/wp-json\/wp\/v2\/types\/page"}],"author":[{"embeddable":true,"href":"https:\/\/sites.courtauld.ac.uk\/netherlandish-canon\/wp-json\/wp\/v2\/users\/5"}],"replies":[{"embeddable":true,"href":"https:\/\/sites.courtauld.ac.uk\/netherlandish-canon\/wp-json\/wp\/v2\/comments?post=474"}],"version-history":[{"count":0,"href":"https:\/\/sites.courtauld.ac.uk\/netherlandish-canon\/wp-json\/wp\/v2\/pages\/474\/revisions"}],"wp:attachment":[{"href":"https:\/\/sites.courtauld.ac.uk\/netherlandish-canon\/wp-json\/wp\/v2\/media?parent=474"}],"wp:term":[{"taxonomy":"category","embeddable":true,"href":"https:\/\/sites.courtauld.ac.uk\/netherlandish-canon\/wp-json\/wp\/v2\/categories?post=474"}],"curies":[{"name":"wp","href":"https:\/\/api.w.org\/{rel}","templated":true}]}}