{"id":422,"date":"2015-11-13T11:24:49","date_gmt":"2015-11-13T11:24:49","guid":{"rendered":"https:\/\/sites.courtauld.ac.uk\/illuminating-objects\/?page_id=422"},"modified":"2017-09-01T12:41:41","modified_gmt":"2017-09-01T11:41:41","slug":"references-and-acknowledgements","status":"publish","type":"page","link":"https:\/\/sites.courtauld.ac.uk\/illuminating-objects\/illuminating-objects-home\/17th-century-pendant\/references-and-acknowledgements\/","title":{"rendered":"References and Acknowledgements"},"content":{"rendered":"[1]<a id=\"fn1\"><\/a> The term \u201c<em>verre \u00e9glomis\u00e9<\/em>\u201d would not have been used during the Renaissance, as the now-popular French name was not coined until the eighteenth century.<\/p>\n[2]<a id=\"fn2\"><\/a> Ebenhoech, R. &amp; Tammen, S. \u201cWearing Devotional Books.\u201d [Unpublished Manuscript]. As Ms. Ebenhoech points out in her paper, there are no known extant examples of book-shaped pendants prior to the middle of the sixteenth century, as this kind of jewelry seems to have become suddenly popular starting around 1500.<\/p>\n[3]<a id=\"fn3\"><\/a> Ebenhoech, R. (2015, September-October). [Emails and personal conversations].<\/p>\n[4]<a id=\"fn4\"><\/a> Forrer, R. (1942). Silberne Zier-Anh\u00e4nger in Buchform aus der Zeit der Renaissance. <em>Pro Arte,<\/em> <em>1<\/em>(6), 5-8.<\/p>\n<hr \/>\n<p>I wish to thank the following scholars for their help:<\/p>\n<ul>\n<li>Kirstin Kennedy, Curator of Metalwork at the Victoria and Albert Museum, for taking time to show us similar objects in the V&amp;A collection, and for sharing her insight on our object.<\/li>\n<li>Romina Ebenhoech, PhD candidate in art history at the University of Giessen, Germany, for generously sharing her original and very helpful research on, and images of, book-shaped pendants of the Renaissance. (Ms. Ebenhoech\u2019s provisional thesis title is \u201c<em>B\u00fccher tragen. Miniaturbuchanh\u00e4nger des 15. und 16. Jahrhunderts. Schm\u00fcckende Pretiosen, B\u00fccher, Miniaturen und Medien der Andacht.<\/em>\u201c)<\/li>\n<li>Ayla Lepine, for aiding with the selection of this object.<\/li>\n<\/ul>\n","protected":false},"excerpt":{"rendered":"<p>[1] The term \u201cverre \u00e9glomis\u00e9\u201d would not have been used during the Renaissance, as the now-popular French name was not coined until the eighteenth century. [2] Ebenhoech, R. &amp; Tammen, S. \u201cWearing Devotional Books.\u201d [Unpublished Manuscript]. As Ms. Ebenhoech points out in her paper, there are no known extant examples of book-shaped pendants prior to&hellip;<\/p>\n<p><a class=\"more-link\" href=\"https:\/\/sites.courtauld.ac.uk\/illuminating-objects\/illuminating-objects-home\/17th-century-pendant\/references-and-acknowledgements\/\" title=\"View &lsquo;References and Acknowledgements&rsquo;\">View <span class=\"meta-nav\">&rarr;<\/span><\/a><\/p>\n","protected":false},"author":37,"featured_media":0,"parent":396,"menu_order":6,"comment_status":"closed","ping_status":"closed","template":"","meta":{"_acf_changed":false,"footnotes":""},"categories":[29],"class_list":["post-422","page","type-page","status-publish","hentry","category-17th-century-pendant"],"acf":[],"yoast_head":"<!-- This site is optimized with the Yoast SEO plugin v27.5 - https:\/\/yoast.com\/product\/yoast-seo-wordpress\/ -->\n<title>References and Acknowledgements - Illuminating Objects<\/title>\n<meta name=\"robots\" content=\"index, follow, max-snippet:-1, max-image-preview:large, max-video-preview:-1\" \/>\n<link rel=\"canonical\" href=\"https:\/\/sites.courtauld.ac.uk\/illuminating-objects\/illuminating-objects-home\/17th-century-pendant\/references-and-acknowledgements\/\" \/>\n<meta property=\"og:locale\" content=\"en_GB\" \/>\n<meta property=\"og:type\" content=\"article\" \/>\n<meta property=\"og:title\" content=\"References and Acknowledgements - Illuminating Objects\" \/>\n<meta property=\"og:description\" content=\"[1] The term \u201cverre \u00e9glomis\u00e9\u201d would not have been used during the Renaissance, as the now-popular French name was not coined until the eighteenth century. [2] Ebenhoech, R. &amp; Tammen, S. \u201cWearing Devotional Books.\u201d [Unpublished Manuscript]. As Ms. Ebenhoech points out in her paper, there are no known extant examples of book-shaped pendants prior to&hellip;View &rarr;\" \/>\n<meta property=\"og:url\" content=\"https:\/\/sites.courtauld.ac.uk\/illuminating-objects\/illuminating-objects-home\/17th-century-pendant\/references-and-acknowledgements\/\" \/>\n<meta property=\"og:site_name\" content=\"Illuminating Objects\" \/>\n<meta property=\"article:modified_time\" content=\"2017-09-01T11:41:41+00:00\" \/>\n<meta name=\"twitter:card\" content=\"summary_large_image\" \/>\n<meta name=\"twitter:label1\" content=\"Estimated reading time\" \/>\n\t<meta name=\"twitter:data1\" content=\"1 minute\" \/>\n<script type=\"application\/ld+json\" class=\"yoast-schema-graph\">{\"@context\":\"https:\\\/\\\/schema.org\",\"@graph\":[{\"@type\":\"WebPage\",\"@id\":\"https:\\\/\\\/sites.courtauld.ac.uk\\\/illuminating-objects\\\/illuminating-objects-home\\\/17th-century-pendant\\\/references-and-acknowledgements\\\/\",\"url\":\"https:\\\/\\\/sites.courtauld.ac.uk\\\/illuminating-objects\\\/illuminating-objects-home\\\/17th-century-pendant\\\/references-and-acknowledgements\\\/\",\"name\":\"References and Acknowledgements - Illuminating Objects\",\"isPartOf\":{\"@id\":\"https:\\\/\\\/sites.courtauld.ac.uk\\\/illuminating-objects\\\/#website\"},\"datePublished\":\"2015-11-13T11:24:49+00:00\",\"dateModified\":\"2017-09-01T11:41:41+00:00\",\"breadcrumb\":{\"@id\":\"https:\\\/\\\/sites.courtauld.ac.uk\\\/illuminating-objects\\\/illuminating-objects-home\\\/17th-century-pendant\\\/references-and-acknowledgements\\\/#breadcrumb\"},\"inLanguage\":\"en-GB\",\"potentialAction\":[{\"@type\":\"ReadAction\",\"target\":[\"https:\\\/\\\/sites.courtauld.ac.uk\\\/illuminating-objects\\\/illuminating-objects-home\\\/17th-century-pendant\\\/references-and-acknowledgements\\\/\"]}]},{\"@type\":\"BreadcrumbList\",\"@id\":\"https:\\\/\\\/sites.courtauld.ac.uk\\\/illuminating-objects\\\/illuminating-objects-home\\\/17th-century-pendant\\\/references-and-acknowledgements\\\/#breadcrumb\",\"itemListElement\":[{\"@type\":\"ListItem\",\"position\":1,\"name\":\"Home\",\"item\":\"https:\\\/\\\/sites.courtauld.ac.uk\\\/illuminating-objects\\\/\"},{\"@type\":\"ListItem\",\"position\":2,\"name\":\"Illuminating Objects Home\",\"item\":\"https:\\\/\\\/sites.courtauld.ac.uk\\\/illuminating-objects\\\/\"},{\"@type\":\"ListItem\",\"position\":3,\"name\":\"A 17th Century Pendant\",\"item\":\"https:\\\/\\\/sites.courtauld.ac.uk\\\/illuminating-objects\\\/illuminating-objects-home\\\/17th-century-pendant\\\/\"},{\"@type\":\"ListItem\",\"position\":4,\"name\":\"References and Acknowledgements\"}]},{\"@type\":\"WebSite\",\"@id\":\"https:\\\/\\\/sites.courtauld.ac.uk\\\/illuminating-objects\\\/#website\",\"url\":\"https:\\\/\\\/sites.courtauld.ac.uk\\\/illuminating-objects\\\/\",\"name\":\"Illuminating Objects\",\"description\":\"Shining a light on the decorative arts and sculpture collection\",\"potentialAction\":[{\"@type\":\"SearchAction\",\"target\":{\"@type\":\"EntryPoint\",\"urlTemplate\":\"https:\\\/\\\/sites.courtauld.ac.uk\\\/illuminating-objects\\\/?s={search_term_string}\"},\"query-input\":{\"@type\":\"PropertyValueSpecification\",\"valueRequired\":true,\"valueName\":\"search_term_string\"}}],\"inLanguage\":\"en-GB\"}]}<\/script>\n<!-- \/ Yoast SEO plugin. -->","yoast_head_json":{"title":"References and Acknowledgements - Illuminating Objects","robots":{"index":"index","follow":"follow","max-snippet":"max-snippet:-1","max-image-preview":"max-image-preview:large","max-video-preview":"max-video-preview:-1"},"canonical":"https:\/\/sites.courtauld.ac.uk\/illuminating-objects\/illuminating-objects-home\/17th-century-pendant\/references-and-acknowledgements\/","og_locale":"en_GB","og_type":"article","og_title":"References and Acknowledgements - Illuminating Objects","og_description":"[1] The term \u201cverre \u00e9glomis\u00e9\u201d would not have been used during the Renaissance, as the now-popular French name was not coined until the eighteenth century. [2] Ebenhoech, R. &amp; Tammen, S. \u201cWearing Devotional Books.\u201d [Unpublished Manuscript]. As Ms. Ebenhoech points out in her paper, there are no known extant examples of book-shaped pendants prior to&hellip;View &rarr;","og_url":"https:\/\/sites.courtauld.ac.uk\/illuminating-objects\/illuminating-objects-home\/17th-century-pendant\/references-and-acknowledgements\/","og_site_name":"Illuminating Objects","article_modified_time":"2017-09-01T11:41:41+00:00","twitter_card":"summary_large_image","twitter_misc":{"Estimated reading time":"1 minute"},"schema":{"@context":"https:\/\/schema.org","@graph":[{"@type":"WebPage","@id":"https:\/\/sites.courtauld.ac.uk\/illuminating-objects\/illuminating-objects-home\/17th-century-pendant\/references-and-acknowledgements\/","url":"https:\/\/sites.courtauld.ac.uk\/illuminating-objects\/illuminating-objects-home\/17th-century-pendant\/references-and-acknowledgements\/","name":"References and Acknowledgements - Illuminating Objects","isPartOf":{"@id":"https:\/\/sites.courtauld.ac.uk\/illuminating-objects\/#website"},"datePublished":"2015-11-13T11:24:49+00:00","dateModified":"2017-09-01T11:41:41+00:00","breadcrumb":{"@id":"https:\/\/sites.courtauld.ac.uk\/illuminating-objects\/illuminating-objects-home\/17th-century-pendant\/references-and-acknowledgements\/#breadcrumb"},"inLanguage":"en-GB","potentialAction":[{"@type":"ReadAction","target":["https:\/\/sites.courtauld.ac.uk\/illuminating-objects\/illuminating-objects-home\/17th-century-pendant\/references-and-acknowledgements\/"]}]},{"@type":"BreadcrumbList","@id":"https:\/\/sites.courtauld.ac.uk\/illuminating-objects\/illuminating-objects-home\/17th-century-pendant\/references-and-acknowledgements\/#breadcrumb","itemListElement":[{"@type":"ListItem","position":1,"name":"Home","item":"https:\/\/sites.courtauld.ac.uk\/illuminating-objects\/"},{"@type":"ListItem","position":2,"name":"Illuminating Objects Home","item":"https:\/\/sites.courtauld.ac.uk\/illuminating-objects\/"},{"@type":"ListItem","position":3,"name":"A 17th Century Pendant","item":"https:\/\/sites.courtauld.ac.uk\/illuminating-objects\/illuminating-objects-home\/17th-century-pendant\/"},{"@type":"ListItem","position":4,"name":"References and Acknowledgements"}]},{"@type":"WebSite","@id":"https:\/\/sites.courtauld.ac.uk\/illuminating-objects\/#website","url":"https:\/\/sites.courtauld.ac.uk\/illuminating-objects\/","name":"Illuminating Objects","description":"Shining a light on the decorative arts and sculpture collection","potentialAction":[{"@type":"SearchAction","target":{"@type":"EntryPoint","urlTemplate":"https:\/\/sites.courtauld.ac.uk\/illuminating-objects\/?s={search_term_string}"},"query-input":{"@type":"PropertyValueSpecification","valueRequired":true,"valueName":"search_term_string"}}],"inLanguage":"en-GB"}]}},"_links":{"self":[{"href":"https:\/\/sites.courtauld.ac.uk\/illuminating-objects\/wp-json\/wp\/v2\/pages\/422","targetHints":{"allow":["GET"]}}],"collection":[{"href":"https:\/\/sites.courtauld.ac.uk\/illuminating-objects\/wp-json\/wp\/v2\/pages"}],"about":[{"href":"https:\/\/sites.courtauld.ac.uk\/illuminating-objects\/wp-json\/wp\/v2\/types\/page"}],"author":[{"embeddable":true,"href":"https:\/\/sites.courtauld.ac.uk\/illuminating-objects\/wp-json\/wp\/v2\/users\/37"}],"replies":[{"embeddable":true,"href":"https:\/\/sites.courtauld.ac.uk\/illuminating-objects\/wp-json\/wp\/v2\/comments?post=422"}],"version-history":[{"count":0,"href":"https:\/\/sites.courtauld.ac.uk\/illuminating-objects\/wp-json\/wp\/v2\/pages\/422\/revisions"}],"up":[{"embeddable":true,"href":"https:\/\/sites.courtauld.ac.uk\/illuminating-objects\/wp-json\/wp\/v2\/pages\/396"}],"wp:attachment":[{"href":"https:\/\/sites.courtauld.ac.uk\/illuminating-objects\/wp-json\/wp\/v2\/media?parent=422"}],"wp:term":[{"taxonomy":"category","embeddable":true,"href":"https:\/\/sites.courtauld.ac.uk\/illuminating-objects\/wp-json\/wp\/v2\/categories?post=422"}],"curies":[{"name":"wp","href":"https:\/\/api.w.org\/{rel}","templated":true}]}}